{"id":619,"date":"2021-10-06T16:39:56","date_gmt":"2021-10-06T16:39:56","guid":{"rendered":"https:\/\/dev.santaconcha.com\/castell-raymat\/aviso-legal\/"},"modified":"2021-10-27T11:04:45","modified_gmt":"2021-10-27T11:04:45","slug":"avis-legal","status":"publish","type":"page","link":"https:\/\/castellderaymat.com\/ca\/avis-legal\/","title":{"rendered":"Av\u00eds legal"},"content":{"rendered":"","protected":false},"excerpt":{"rendered":"","protected":false},"author":2,"featured_media":0,"parent":0,"menu_order":0,"comment_status":"closed","ping_status":"closed","template":"page-raymat.php","meta":{"footnotes":""},"class_list":["post-619","page","type-page","status-publish","hentry"],"yoast_head":"<!-- This site is optimized with the Yoast SEO plugin v24.4 - https:\/\/yoast.com\/wordpress\/plugins\/seo\/ -->\n<title>Av\u00eds legal | Castell de Raymat<\/title>\n<meta name=\"description\" content=\"Aquest av\u00eds legal regula l&#039;acc\u00e9s i \u00fas per part de qualsevol usuari de les p\u00e0gines del domini web https:\/\/www.castellderaymat.com\/\" \/>\n<meta name=\"robots\" content=\"index, follow, max-snippet:-1, max-image-preview:large, max-video-preview:-1\" \/>\n<link rel=\"canonical\" href=\"https:\/\/castellderaymat.com\/aviso-legal\/\" \/>\n<meta property=\"og:locale\" content=\"ca_ES\" \/>\n<meta property=\"og:type\" content=\"article\" \/>\n<meta property=\"og:title\" content=\"Av\u00eds legal | Castell de Raymat\" \/>\n<meta property=\"og:description\" content=\"Aquest av\u00eds legal regula l&#039;acc\u00e9s i \u00fas per part de qualsevol usuari de les p\u00e0gines del domini web https:\/\/www.castellderaymat.com\/\" \/>\n<meta property=\"og:url\" content=\"https:\/\/castellderaymat.com\/aviso-legal\/\" \/>\n<meta property=\"og:site_name\" content=\"Castell de Raymat\" \/>\n<meta property=\"article:publisher\" content=\"https:\/\/www.facebook.com\/CastelldeRaymat\/\" \/>\n<meta property=\"article:modified_time\" content=\"2021-10-27T11:04:45+00:00\" \/>\n<meta name=\"twitter:card\" content=\"summary_large_image\" \/>\n<script type=\"application\/ld+json\" class=\"yoast-schema-graph\">{\"@context\":\"https:\/\/schema.org\",\"@graph\":[{\"@type\":\"WebPage\",\"@id\":\"https:\/\/castellderaymat.com\/aviso-legal\/\",\"url\":\"https:\/\/castellderaymat.com\/aviso-legal\/\",\"name\":\"Av\u00eds legal | Castell de Raymat\",\"isPartOf\":{\"@id\":\"https:\/\/castellderaymat.com\/#website\"},\"datePublished\":\"2021-10-06T16:39:56+00:00\",\"dateModified\":\"2021-10-27T11:04:45+00:00\",\"description\":\"Aquest av\u00eds legal regula l'acc\u00e9s i \u00fas per part de qualsevol usuari de les p\u00e0gines del domini web https:\/\/www.castellderaymat.com\/\",\"breadcrumb\":{\"@id\":\"https:\/\/castellderaymat.com\/aviso-legal\/#breadcrumb\"},\"inLanguage\":\"ca\",\"potentialAction\":[{\"@type\":\"ReadAction\",\"target\":[\"https:\/\/castellderaymat.com\/aviso-legal\/\"]}]},{\"@type\":\"BreadcrumbList\",\"@id\":\"https:\/\/castellderaymat.com\/aviso-legal\/#breadcrumb\",\"itemListElement\":[{\"@type\":\"ListItem\",\"position\":1,\"name\":\"Portada\",\"item\":\"https:\/\/castellderaymat.com\/ca\/\"},{\"@type\":\"ListItem\",\"position\":2,\"name\":\"Av\u00eds legal\"}]},{\"@type\":\"WebSite\",\"@id\":\"https:\/\/castellderaymat.com\/#website\",\"url\":\"https:\/\/castellderaymat.com\/\",\"name\":\"Castell de Raymat\",\"description\":\"Otro sitio realizado con WordPress\",\"potentialAction\":[{\"@type\":\"SearchAction\",\"target\":{\"@type\":\"EntryPoint\",\"urlTemplate\":\"https:\/\/castellderaymat.com\/?s={search_term_string}\"},\"query-input\":{\"@type\":\"PropertyValueSpecification\",\"valueRequired\":true,\"valueName\":\"search_term_string\"}}],\"inLanguage\":\"ca\"}]}<\/script>\n<!-- \/ Yoast SEO plugin. -->","yoast_head_json":{"title":"Av\u00eds legal | Castell de Raymat","description":"Aquest av\u00eds legal regula l'acc\u00e9s i \u00fas per part de qualsevol usuari de les p\u00e0gines del domini web https:\/\/www.castellderaymat.com\/","robots":{"index":"index","follow":"follow","max-snippet":"max-snippet:-1","max-image-preview":"max-image-preview:large","max-video-preview":"max-video-preview:-1"},"canonical":"https:\/\/castellderaymat.com\/aviso-legal\/","og_locale":"ca_ES","og_type":"article","og_title":"Av\u00eds legal | Castell de Raymat","og_description":"Aquest av\u00eds legal regula l'acc\u00e9s i \u00fas per part de qualsevol usuari de les p\u00e0gines del domini web https:\/\/www.castellderaymat.com\/","og_url":"https:\/\/castellderaymat.com\/aviso-legal\/","og_site_name":"Castell de Raymat","article_publisher":"https:\/\/www.facebook.com\/CastelldeRaymat\/","article_modified_time":"2021-10-27T11:04:45+00:00","twitter_card":"summary_large_image","schema":{"@context":"https:\/\/schema.org","@graph":[{"@type":"WebPage","@id":"https:\/\/castellderaymat.com\/aviso-legal\/","url":"https:\/\/castellderaymat.com\/aviso-legal\/","name":"Av\u00eds legal | Castell de Raymat","isPartOf":{"@id":"https:\/\/castellderaymat.com\/#website"},"datePublished":"2021-10-06T16:39:56+00:00","dateModified":"2021-10-27T11:04:45+00:00","description":"Aquest av\u00eds legal regula l'acc\u00e9s i \u00fas per part de qualsevol usuari de les p\u00e0gines del domini web https:\/\/www.castellderaymat.com\/","breadcrumb":{"@id":"https:\/\/castellderaymat.com\/aviso-legal\/#breadcrumb"},"inLanguage":"ca","potentialAction":[{"@type":"ReadAction","target":["https:\/\/castellderaymat.com\/aviso-legal\/"]}]},{"@type":"BreadcrumbList","@id":"https:\/\/castellderaymat.com\/aviso-legal\/#breadcrumb","itemListElement":[{"@type":"ListItem","position":1,"name":"Portada","item":"https:\/\/castellderaymat.com\/ca\/"},{"@type":"ListItem","position":2,"name":"Av\u00eds legal"}]},{"@type":"WebSite","@id":"https:\/\/castellderaymat.com\/#website","url":"https:\/\/castellderaymat.com\/","name":"Castell de Raymat","description":"Otro sitio realizado con WordPress","potentialAction":[{"@type":"SearchAction","target":{"@type":"EntryPoint","urlTemplate":"https:\/\/castellderaymat.com\/?s={search_term_string}"},"query-input":{"@type":"PropertyValueSpecification","valueRequired":true,"valueName":"search_term_string"}}],"inLanguage":"ca"}]}},"_links":{"self":[{"href":"https:\/\/castellderaymat.com\/ca\/wp-json\/wp\/v2\/pages\/619","targetHints":{"allow":["GET"]}}],"collection":[{"href":"https:\/\/castellderaymat.com\/ca\/wp-json\/wp\/v2\/pages"}],"about":[{"href":"https:\/\/castellderaymat.com\/ca\/wp-json\/wp\/v2\/types\/page"}],"author":[{"embeddable":true,"href":"https:\/\/castellderaymat.com\/ca\/wp-json\/wp\/v2\/users\/2"}],"replies":[{"embeddable":true,"href":"https:\/\/castellderaymat.com\/ca\/wp-json\/wp\/v2\/comments?post=619"}],"version-history":[{"count":4,"href":"https:\/\/castellderaymat.com\/ca\/wp-json\/wp\/v2\/pages\/619\/revisions"}],"predecessor-version":[{"id":746,"href":"https:\/\/castellderaymat.com\/ca\/wp-json\/wp\/v2\/pages\/619\/revisions\/746"}],"wp:attachment":[{"href":"https:\/\/castellderaymat.com\/ca\/wp-json\/wp\/v2\/media?parent=619"}],"curies":[{"name":"wp","href":"https:\/\/api.w.org\/{rel}","templated":true}]}}