{"id":658,"date":"2021-08-11T08:47:48","date_gmt":"2021-08-11T08:47:48","guid":{"rendered":"https:\/\/dev.santaconcha.com\/castell-raymat\/proposito\/"},"modified":"2025-10-26T16:58:57","modified_gmt":"2025-10-26T16:58:57","slug":"proposit","status":"publish","type":"page","link":"https:\/\/castellderaymat.com\/ca\/proposit\/","title":{"rendered":"Prop\u00f2sit"},"content":{"rendered":"","protected":false},"excerpt":{"rendered":"","protected":false},"author":2,"featured_media":0,"parent":0,"menu_order":0,"comment_status":"closed","ping_status":"closed","template":"page-raymat.php","meta":{"footnotes":""},"class_list":["post-658","page","type-page","status-publish","hentry"],"yoast_head":"<!-- This site is optimized with the Yoast SEO plugin v24.4 - https:\/\/yoast.com\/wordpress\/plugins\/seo\/ -->\n<title>Prop\u00f2sit social i reflexi\u00f3 sobre el Castell de Raymat<\/title>\n<meta name=\"description\" content=\"Aprenentatge i la conscienciaci\u00f3 social al voltant de la filantropia i la sostenibilitat, el prop\u00f2sit del Castell de Raymat\" \/>\n<meta name=\"robots\" content=\"index, follow, max-snippet:-1, max-image-preview:large, max-video-preview:-1\" \/>\n<link rel=\"canonical\" href=\"https:\/\/castellderaymat.com\/ca\/proposit\/\" \/>\n<meta property=\"og:locale\" content=\"ca_ES\" \/>\n<meta property=\"og:type\" content=\"article\" \/>\n<meta property=\"og:title\" content=\"Prop\u00f2sit social i reflexi\u00f3 sobre el Castell de Raymat\" \/>\n<meta property=\"og:description\" content=\"Aprenentatge i la conscienciaci\u00f3 social al voltant de la filantropia i la sostenibilitat, el prop\u00f2sit del Castell de Raymat\" \/>\n<meta property=\"og:url\" content=\"https:\/\/castellderaymat.com\/ca\/proposit\/\" \/>\n<meta property=\"og:site_name\" content=\"Castell de Raymat\" \/>\n<meta property=\"article:publisher\" content=\"https:\/\/www.facebook.com\/CastelldeRaymat\/\" \/>\n<meta property=\"article:modified_time\" content=\"2025-10-26T16:58:57+00:00\" \/>\n<meta name=\"twitter:card\" content=\"summary_large_image\" \/>\n<script type=\"application\/ld+json\" class=\"yoast-schema-graph\">{\"@context\":\"https:\/\/schema.org\",\"@graph\":[{\"@type\":\"WebPage\",\"@id\":\"https:\/\/castellderaymat.com\/ca\/proposit\/\",\"url\":\"https:\/\/castellderaymat.com\/ca\/proposit\/\",\"name\":\"Prop\u00f2sit social i reflexi\u00f3 sobre el Castell de Raymat\",\"isPartOf\":{\"@id\":\"https:\/\/castellderaymat.com\/#website\"},\"datePublished\":\"2021-08-11T08:47:48+00:00\",\"dateModified\":\"2025-10-26T16:58:57+00:00\",\"description\":\"Aprenentatge i la conscienciaci\u00f3 social al voltant de la filantropia i la sostenibilitat, el prop\u00f2sit del Castell de Raymat\",\"breadcrumb\":{\"@id\":\"https:\/\/castellderaymat.com\/ca\/proposit\/#breadcrumb\"},\"inLanguage\":\"ca\",\"potentialAction\":[{\"@type\":\"ReadAction\",\"target\":[\"https:\/\/castellderaymat.com\/ca\/proposit\/\"]}]},{\"@type\":\"BreadcrumbList\",\"@id\":\"https:\/\/castellderaymat.com\/ca\/proposit\/#breadcrumb\",\"itemListElement\":[{\"@type\":\"ListItem\",\"position\":1,\"name\":\"Portada\",\"item\":\"https:\/\/castellderaymat.com\/ca\/\"},{\"@type\":\"ListItem\",\"position\":2,\"name\":\"Prop\u00f2sit\"}]},{\"@type\":\"WebSite\",\"@id\":\"https:\/\/castellderaymat.com\/#website\",\"url\":\"https:\/\/castellderaymat.com\/\",\"name\":\"Castell de Raymat\",\"description\":\"Otro sitio realizado con WordPress\",\"potentialAction\":[{\"@type\":\"SearchAction\",\"target\":{\"@type\":\"EntryPoint\",\"urlTemplate\":\"https:\/\/castellderaymat.com\/?s={search_term_string}\"},\"query-input\":{\"@type\":\"PropertyValueSpecification\",\"valueRequired\":true,\"valueName\":\"search_term_string\"}}],\"inLanguage\":\"ca\"}]}<\/script>\n<!-- \/ Yoast SEO plugin. -->","yoast_head_json":{"title":"Prop\u00f2sit social i reflexi\u00f3 sobre el Castell de Raymat","description":"Aprenentatge i la conscienciaci\u00f3 social al voltant de la filantropia i la sostenibilitat, el prop\u00f2sit del Castell de Raymat","robots":{"index":"index","follow":"follow","max-snippet":"max-snippet:-1","max-image-preview":"max-image-preview:large","max-video-preview":"max-video-preview:-1"},"canonical":"https:\/\/castellderaymat.com\/ca\/proposit\/","og_locale":"ca_ES","og_type":"article","og_title":"Prop\u00f2sit social i reflexi\u00f3 sobre el Castell de Raymat","og_description":"Aprenentatge i la conscienciaci\u00f3 social al voltant de la filantropia i la sostenibilitat, el prop\u00f2sit del Castell de Raymat","og_url":"https:\/\/castellderaymat.com\/ca\/proposit\/","og_site_name":"Castell de Raymat","article_publisher":"https:\/\/www.facebook.com\/CastelldeRaymat\/","article_modified_time":"2025-10-26T16:58:57+00:00","twitter_card":"summary_large_image","schema":{"@context":"https:\/\/schema.org","@graph":[{"@type":"WebPage","@id":"https:\/\/castellderaymat.com\/ca\/proposit\/","url":"https:\/\/castellderaymat.com\/ca\/proposit\/","name":"Prop\u00f2sit social i reflexi\u00f3 sobre el Castell de Raymat","isPartOf":{"@id":"https:\/\/castellderaymat.com\/#website"},"datePublished":"2021-08-11T08:47:48+00:00","dateModified":"2025-10-26T16:58:57+00:00","description":"Aprenentatge i la conscienciaci\u00f3 social al voltant de la filantropia i la sostenibilitat, el prop\u00f2sit del Castell de Raymat","breadcrumb":{"@id":"https:\/\/castellderaymat.com\/ca\/proposit\/#breadcrumb"},"inLanguage":"ca","potentialAction":[{"@type":"ReadAction","target":["https:\/\/castellderaymat.com\/ca\/proposit\/"]}]},{"@type":"BreadcrumbList","@id":"https:\/\/castellderaymat.com\/ca\/proposit\/#breadcrumb","itemListElement":[{"@type":"ListItem","position":1,"name":"Portada","item":"https:\/\/castellderaymat.com\/ca\/"},{"@type":"ListItem","position":2,"name":"Prop\u00f2sit"}]},{"@type":"WebSite","@id":"https:\/\/castellderaymat.com\/#website","url":"https:\/\/castellderaymat.com\/","name":"Castell de Raymat","description":"Otro sitio realizado con WordPress","potentialAction":[{"@type":"SearchAction","target":{"@type":"EntryPoint","urlTemplate":"https:\/\/castellderaymat.com\/?s={search_term_string}"},"query-input":{"@type":"PropertyValueSpecification","valueRequired":true,"valueName":"search_term_string"}}],"inLanguage":"ca"}]}},"_links":{"self":[{"href":"https:\/\/castellderaymat.com\/ca\/wp-json\/wp\/v2\/pages\/658","targetHints":{"allow":["GET"]}}],"collection":[{"href":"https:\/\/castellderaymat.com\/ca\/wp-json\/wp\/v2\/pages"}],"about":[{"href":"https:\/\/castellderaymat.com\/ca\/wp-json\/wp\/v2\/types\/page"}],"author":[{"embeddable":true,"href":"https:\/\/castellderaymat.com\/ca\/wp-json\/wp\/v2\/users\/2"}],"replies":[{"embeddable":true,"href":"https:\/\/castellderaymat.com\/ca\/wp-json\/wp\/v2\/comments?post=658"}],"version-history":[{"count":13,"href":"https:\/\/castellderaymat.com\/ca\/wp-json\/wp\/v2\/pages\/658\/revisions"}],"predecessor-version":[{"id":1274,"href":"https:\/\/castellderaymat.com\/ca\/wp-json\/wp\/v2\/pages\/658\/revisions\/1274"}],"wp:attachment":[{"href":"https:\/\/castellderaymat.com\/ca\/wp-json\/wp\/v2\/media?parent=658"}],"curies":[{"name":"wp","href":"https:\/\/api.w.org\/{rel}","templated":true}]}}